{"id":1057,"date":"2023-10-13T16:57:13","date_gmt":"2023-10-13T16:57:13","guid":{"rendered":"https:\/\/ensocpa.com\/privacy-policy\/"},"modified":"2023-10-13T16:58:23","modified_gmt":"2023-10-13T16:58:23","slug":"privacy-policy","status":"publish","type":"page","link":"https:\/\/ensocpa.com\/en\/privacy-policy\/","title":{"rendered":"Privacy Policy"},"content":{"rendered":"\t\t<div data-elementor-type=\"wp-page\" data-elementor-id=\"1057\" class=\"elementor elementor-1057 elementor-1053\">\n\t\t\t\t\t\t<section class=\"elementor-section elementor-top-section elementor-element elementor-element-5c54f670 elementor-section-boxed elementor-section-height-default elementor-section-height-default\" data-id=\"5c54f670\" data-element_type=\"section\" data-e-type=\"section\" data-settings=\"{&quot;jet_parallax_layout_list&quot;:[]}\">\n\t\t\t\t\t\t<div class=\"elementor-container elementor-column-gap-default\">\n\t\t\t\t\t<div class=\"elementor-column elementor-col-100 elementor-top-column elementor-element elementor-element-69e240ab\" data-id=\"69e240ab\" data-element_type=\"column\" data-e-type=\"column\">\n\t\t\t<div class=\"elementor-widget-wrap elementor-element-populated\">\n\t\t\t\t\t\t<div class=\"elementor-element elementor-element-5c21be7e elementor-widget elementor-widget-text-editor\" data-id=\"5c21be7e\" data-element_type=\"widget\" data-e-type=\"widget\" data-widget_type=\"text-editor.default\">\n\t\t\t\t<div class=\"elementor-widget-container\">\n\t\t\t\t\t\t\t\t\t<p><\/p>\n<p><b>RESPONSABLE DE LA PROTECTION DES RENSEIGNEMENTS PERSONNELS <br><\/b>Conform\u00e9ment \u00e0 l\u2019article 3.1 de la Loi sur la protection des renseignements personnels dans le secteur priv\u00e9 (chapitre P-39.1), voici le nom, le titre et les coordonn\u00e9es de la personne assumant la fonction de responsable de la protection des renseignements personnels :<\/p>\n<p><strong>Enso Conseils CPA<\/strong> <br><a href=\"mailto:info@ensocpa.com\" target=\"_new\">info@ensocpa.com<\/a><\/p>\n<p><b>POLITIQUE SUR LA PROTECTION DES RENSEIGNEMENTS PERSONNELS <br><\/b>Enso Conseils CPA est engag\u00e9 dans le respect des renseignements personnels que vous confiez. La protection de votre vie priv\u00e9e ainsi que la s\u00e9curit\u00e9 de vos renseignements personnels sont prises avec s\u00e9rieux, et Enso Conseils CPA s\u2019engage \u00e0 prot\u00e9ger vos droits conform\u00e9ment \u00e0 la loi. Vous trouverez ci-dessous un r\u00e9sum\u00e9 de la Politique sur la protection des renseignements personnels (ci-apr\u00e8s d\u00e9sign\u00e9e la \u00ab Politique \u00bb).<\/p>\n<p>Les principes \u00e9nonc\u00e9s ci-dessous s\u2019appliquent \u00e0 la collecte et \u00e0 l\u2019utilisation de vos renseignements personnels :<\/p>\n<ul>\n<li>Les renseignements personnels sont recueillis avec votre consentement explicite.<\/li>\n<li>Les renseignements sont gard\u00e9s en stricte confidentialit\u00e9.<\/li>\n<li>Les renseignements personnels sont utilis\u00e9s uniquement aux fins pour lesquelles ils sont recueillis.<\/li>\n<\/ul>\n<p>Enso Conseils CPA conserve les renseignements personnels des clients pour une dur\u00e9e raisonnablement n\u00e9cessaire \u00e0 l&#8217;accomplissement des fins pour lesquelles ils ont \u00e9t\u00e9 recueillis ou pour se conformer aux exigences l\u00e9gales.<\/p>\n<p>Dur\u00e9e de conservation : Enso Conseils CPA se r\u00e9serve le droit de fermer le dossier d\u2019un Client ou d&#8217;un Prospect dans le cadre duquel aucune action administrative n\u2019a \u00e9t\u00e9 pos\u00e9e pour une p\u00e9riode cons\u00e9cutive d\u2019au moins sept (7) ans. Dans le cas de la fermeture d\u2019un dossier concernant un Client ou un Prospect, les renseignements personnels qu\u2019il contient seront d\u00e9truits ou anonymis\u00e9s apr\u00e8s l\u2019expiration d\u2019un d\u00e9lai de 7 ans suivant la date de fermeture dudit dossier.<\/p>\n<p>Les renseignements recueillis seront utilis\u00e9s si vous fournissez volontairement vos informations directement sur le site par les moyens suivants :<\/p>\n<ul>\n<li>En compl\u00e9tant la fiche de renseignements pour demander une rencontre avec Enso Conseils CPA. Cette fiche peut inclure : votre pr\u00e9nom et nom, votre domicile ou autre adresse physique, votre adresse e-mail et votre num\u00e9ro de t\u00e9l\u00e9phone.<\/li>\n<li>En communiquant directement via un formulaire de contact disponible sur le site web. Ce formulaire peut requ\u00e9rir : votre pr\u00e9nom et nom, votre adresse e-mail, et votre num\u00e9ro de t\u00e9l\u00e9phone.<\/li>\n<li>En compl\u00e9tant la fiche client. Cette fiche peut recueillir des informations telles que : votre pr\u00e9nom et nom, votre domicile ou autre adresse physique, votre adresse e-mail, votre num\u00e9ro de t\u00e9l\u00e9phone, ainsi que des information relatives aux imp\u00f4ts personnels\/professionnels, ainsi que des informations reli\u00e9es \u00e0 la comptabilit\u00e9 de votre entreprise.<\/li>\n<\/ul>\n<p>L\u2019acc\u00e8s aux renseignements personnels dans votre dossier est strictement limit\u00e9 aux personnes autoris\u00e9es qui en ont besoin pour exercer leurs fonctions. Vos renseignements personnels peuvent \u00e9galement \u00eatre divulgu\u00e9s \u00e0 des autorit\u00e9s gouvernementales ou \u00e0 d&#8217;autres personnes autoris\u00e9es en vertu des lois applicables, tant au Canada qu&#8217;\u00e0 l&#8217;\u00e9tranger.<\/p>\n<p>Sauf disposition contraire concernant les cookies et autres traceurs, Enso Conseils CPA ne recueille pas de renseignements personnels lors de la simple navigation sur le Site. Des informations non personnelles, telles que le domaine et l&#8217;adresse IP, le type de navigateur et de syst\u00e8me d\u2019exploitation utilis\u00e9, sont recueillies automatiquement pour des fins statistiques afin d\u2019am\u00e9liorer continuellement le site.<\/p>\n<p>Il est assur\u00e9 que vos renseignements personnels ne sont jamais transmis \u00e0 des tiers \u00e0 des fins de marketing et de sollicitation pour le compte de ces derniers.<\/p>\n<p><b>PROC\u00c9DURE DE DEMANDE D&#8217;ACC\u00c8S :<\/b><\/p>\n<p>Les individus ont le droit de demander et de recevoir des informations sur les renseignements personnels que Enso Conseils CPA d\u00e9tient \u00e0 leur sujet, le but de leur utilisation et \u00e0 qui elles peuvent avoir \u00e9t\u00e9 divulgu\u00e9es. Les individus peuvent aussi demander la correction de tout renseignement personnel incorrect ou incomplet, ou demander la suppression de leurs informations.<\/p>\n<p>Pour acc\u00e9der \u00e0 vos renseignements personnels, veuillez envoyer une demande \u00e9crite \u00e0 l&#8217;attention du responsable de la protection des renseignements personnels \u00e0 l&#8217;adresse e-mail suivante : <a href=\"mailto:info@ensocpa.com\" target=\"_new\">info@ensocpa.com<\/a>. La demande \u00e9crite doit fournir suffisamment de d\u00e9tails pour permettre l\u2019identification et la localisation des informations. Une preuve d&#8217;identit\u00e9 peut \u00eatre requise pour assurer la protection de vos renseignements personnels.<\/p>\n<p>Pour toutes questions, pr\u00e9occupations ou plaintes concernant vos renseignements personnels, la pr\u00e9sente Politique ou les pratiques en mati\u00e8re de protection des renseignements personnels :<\/p>\n<p>Responsable de la protection des renseignements personnels :<\/p>\n<p><strong>Enso Conseils CPA<\/strong> <br>469 Av. Saint-Charles, Vaudreuil-Dorion, J7V 2N4 <br><a href=\"mailto:info@ensocpa.com\" target=\"_new\">info@ensocpa.com<\/a> <br>514 464-9291<\/p>\n<p>D\u00c9FINITION : Les \u00ab renseignements personnels \u00bb se rapportent aux informations recueillies \u00e0 propos de vous ou de tierces parties, qui, seules ou combin\u00e9es avec d&#8217;autres donn\u00e9es, permettent d&#8217;identifier un individu. Il peut s&#8217;agir de votre nom, adresse courriel, identifiant en ligne, ou autres informations similaires.<\/p>\n<p><\/p>\t\t\t\t\t\t\t\t<\/div>\n\t\t\t\t<\/div>\n\t\t\t\t\t<\/div>\n\t\t<\/div>\n\t\t\t\t\t<\/div>\n\t\t<\/section>\n\t\t\t\t<\/div>\n\t\t","protected":false},"excerpt":{"rendered":"<p>PERSONAL DATA PROTECTION OFFICER In accordance with Article 3.1 of the Personal Information Protection Act in the Private Sector (Chapter P-39.1), the name, title, and contact details of the person responsible for the protection of personal data are provided below: Enso Conseils CPA info@ensocpa.com PERSONAL DATA PROTECTION POLICY Enso Conseils CPA is committed to respecting [&hellip;]<\/p>\n","protected":false},"author":2,"featured_media":0,"parent":0,"menu_order":0,"comment_status":"closed","ping_status":"closed","template":"","meta":{"_acf_changed":false,"footnotes":""},"class_list":["post-1057","page","type-page","status-publish","hentry"],"acf":[],"yoast_head":"<!-- This site is optimized with the Yoast SEO plugin v27.4 - https:\/\/yoast.com\/product\/yoast-seo-wordpress\/ -->\n<title>Privacy Policy - Enso Conseils CPA<\/title>\n<meta name=\"description\" content=\"privacy policy page for Enso Conseils CPA\" \/>\n<meta name=\"robots\" content=\"index, follow, max-snippet:-1, max-image-preview:large, max-video-preview:-1\" \/>\n<link rel=\"canonical\" href=\"https:\/\/ensocpa.com\/politique-de-confidentialite\/\" \/>\n<meta property=\"og:locale\" content=\"en_US\" \/>\n<meta property=\"og:type\" content=\"article\" \/>\n<meta property=\"og:title\" content=\"Privacy Policy - Enso Conseils CPA\" \/>\n<meta property=\"og:description\" content=\"privacy policy page for Enso Conseils CPA\" \/>\n<meta property=\"og:url\" content=\"https:\/\/ensocpa.com\/politique-de-confidentialite\/\" \/>\n<meta property=\"og:site_name\" content=\"Enso Conseils CPA\" \/>\n<meta property=\"article:modified_time\" content=\"2023-10-13T16:58:23+00:00\" \/>\n<meta name=\"twitter:card\" content=\"summary_large_image\" \/>\n<meta name=\"twitter:label1\" content=\"Est. reading time\" \/>\n\t<meta name=\"twitter:data1\" content=\"4 minutes\" \/>\n<script type=\"application\/ld+json\" class=\"yoast-schema-graph\">{\"@context\":\"https:\\\/\\\/schema.org\",\"@graph\":[{\"@type\":\"WebPage\",\"@id\":\"https:\\\/\\\/ensocpa.com\\\/politique-de-confidentialite\\\/\",\"url\":\"https:\\\/\\\/ensocpa.com\\\/politique-de-confidentialite\\\/\",\"name\":\"Privacy Policy - Enso Conseils CPA\",\"isPartOf\":{\"@id\":\"https:\\\/\\\/ensocpa.com\\\/#website\"},\"datePublished\":\"2023-10-13T16:57:13+00:00\",\"dateModified\":\"2023-10-13T16:58:23+00:00\",\"description\":\"privacy policy page for Enso Conseils CPA\",\"breadcrumb\":{\"@id\":\"https:\\\/\\\/ensocpa.com\\\/politique-de-confidentialite\\\/#breadcrumb\"},\"inLanguage\":\"en-US\",\"potentialAction\":[{\"@type\":\"ReadAction\",\"target\":[\"https:\\\/\\\/ensocpa.com\\\/politique-de-confidentialite\\\/\"]}]},{\"@type\":\"BreadcrumbList\",\"@id\":\"https:\\\/\\\/ensocpa.com\\\/politique-de-confidentialite\\\/#breadcrumb\",\"itemListElement\":[{\"@type\":\"ListItem\",\"position\":1,\"name\":\"Accueil\",\"item\":\"https:\\\/\\\/ensocpa.com\\\/\"},{\"@type\":\"ListItem\",\"position\":2,\"name\":\"Privacy Policy\"}]},{\"@type\":\"WebSite\",\"@id\":\"https:\\\/\\\/ensocpa.com\\\/#website\",\"url\":\"https:\\\/\\\/ensocpa.com\\\/\",\"name\":\"Enso Conseils CPA\",\"description\":\"\",\"potentialAction\":[{\"@type\":\"SearchAction\",\"target\":{\"@type\":\"EntryPoint\",\"urlTemplate\":\"https:\\\/\\\/ensocpa.com\\\/?s={search_term_string}\"},\"query-input\":{\"@type\":\"PropertyValueSpecification\",\"valueRequired\":true,\"valueName\":\"search_term_string\"}}],\"inLanguage\":\"en-US\"}]}<\/script>\n<!-- \/ Yoast SEO plugin. -->","yoast_head_json":{"title":"Privacy Policy - Enso Conseils CPA","description":"privacy policy page for Enso Conseils CPA","robots":{"index":"index","follow":"follow","max-snippet":"max-snippet:-1","max-image-preview":"max-image-preview:large","max-video-preview":"max-video-preview:-1"},"canonical":"https:\/\/ensocpa.com\/politique-de-confidentialite\/","og_locale":"en_US","og_type":"article","og_title":"Privacy Policy - Enso Conseils CPA","og_description":"privacy policy page for Enso Conseils CPA","og_url":"https:\/\/ensocpa.com\/politique-de-confidentialite\/","og_site_name":"Enso Conseils CPA","article_modified_time":"2023-10-13T16:58:23+00:00","twitter_card":"summary_large_image","twitter_misc":{"Est. reading time":"4 minutes"},"schema":{"@context":"https:\/\/schema.org","@graph":[{"@type":"WebPage","@id":"https:\/\/ensocpa.com\/politique-de-confidentialite\/","url":"https:\/\/ensocpa.com\/politique-de-confidentialite\/","name":"Privacy Policy - Enso Conseils CPA","isPartOf":{"@id":"https:\/\/ensocpa.com\/#website"},"datePublished":"2023-10-13T16:57:13+00:00","dateModified":"2023-10-13T16:58:23+00:00","description":"privacy policy page for Enso Conseils CPA","breadcrumb":{"@id":"https:\/\/ensocpa.com\/politique-de-confidentialite\/#breadcrumb"},"inLanguage":"en-US","potentialAction":[{"@type":"ReadAction","target":["https:\/\/ensocpa.com\/politique-de-confidentialite\/"]}]},{"@type":"BreadcrumbList","@id":"https:\/\/ensocpa.com\/politique-de-confidentialite\/#breadcrumb","itemListElement":[{"@type":"ListItem","position":1,"name":"Accueil","item":"https:\/\/ensocpa.com\/"},{"@type":"ListItem","position":2,"name":"Privacy Policy"}]},{"@type":"WebSite","@id":"https:\/\/ensocpa.com\/#website","url":"https:\/\/ensocpa.com\/","name":"Enso Conseils CPA","description":"","potentialAction":[{"@type":"SearchAction","target":{"@type":"EntryPoint","urlTemplate":"https:\/\/ensocpa.com\/?s={search_term_string}"},"query-input":{"@type":"PropertyValueSpecification","valueRequired":true,"valueName":"search_term_string"}}],"inLanguage":"en-US"}]}},"_links":{"self":[{"href":"https:\/\/ensocpa.com\/en\/wp-json\/wp\/v2\/pages\/1057","targetHints":{"allow":["GET"]}}],"collection":[{"href":"https:\/\/ensocpa.com\/en\/wp-json\/wp\/v2\/pages"}],"about":[{"href":"https:\/\/ensocpa.com\/en\/wp-json\/wp\/v2\/types\/page"}],"author":[{"embeddable":true,"href":"https:\/\/ensocpa.com\/en\/wp-json\/wp\/v2\/users\/2"}],"replies":[{"embeddable":true,"href":"https:\/\/ensocpa.com\/en\/wp-json\/wp\/v2\/comments?post=1057"}],"version-history":[{"count":1,"href":"https:\/\/ensocpa.com\/en\/wp-json\/wp\/v2\/pages\/1057\/revisions"}],"predecessor-version":[{"id":1059,"href":"https:\/\/ensocpa.com\/en\/wp-json\/wp\/v2\/pages\/1057\/revisions\/1059"}],"wp:attachment":[{"href":"https:\/\/ensocpa.com\/en\/wp-json\/wp\/v2\/media?parent=1057"}],"curies":[{"name":"wp","href":"https:\/\/api.w.org\/{rel}","templated":true}]}}